{"id":846,"date":"2025-12-10T12:18:42","date_gmt":"2025-12-10T11:18:42","guid":{"rendered":"https:\/\/oucrierel.com\/privacy-policy"},"modified":"2025-12-10T12:25:19","modified_gmt":"2025-12-10T11:25:19","slug":"privacy-policy","status":"publish","type":"page","link":"https:\/\/oucrierel.com\/fr\/privacy-policy","title":{"rendered":"Privacy policy"},"content":{"rendered":"<div>\n<p>Informations sur le site web<\/p>\n<p>Politique de confidentialit\u00e9 de ce site web<\/p>\n<p>Cette page d\u00e9crit la mani\u00e8re dont le site web est g\u00e9r\u00e9 en ce qui concerne le traitement des donn\u00e9es personnelles des utilisateurs qui le consultent. Ces informations sont fournies conform\u00e9ment au Code de confidentialit\u00e9 (d\u00e9cret l\u00e9gislatif n\u00b0 196\/2003) et au r\u00e8glement (UE) 2016\/679 sur la protection des donn\u00e9es personnelles \u00e0 ceux qui consultent les pages du site web www.oucrierel.com (ci-apr\u00e8s : \u00ab site web \u00bb) ou qui utilisent les services mis \u00e0 disposition sur celui-ci. Les informations sont fournies exclusivement pour le site web www.oucrierel.com et non pour d&rsquo;autres sites web qui peuvent \u00eatre consult\u00e9s par l&rsquo;utilisateur via des liens pr\u00e9sents sur le site web.<\/p>\n<p>Responsable du traitement<\/p>\n<p>Le responsable du traitement est Ou Crierel di Squinabol Roberta, dont le si\u00e8ge social est situ\u00e9 \u00e0 Localit\u00e0 Fey 2, 11020 Lillianes (Aoste).<\/p>\n<p>Donn\u00e9es de navigation<\/p>\n<p>Les syst\u00e8mes informatiques et les proc\u00e9dures logicielles utilis\u00e9s pour faire fonctionner ce site web acqui\u00e8rent, au cours de leur fonctionnement normal, certaines donn\u00e9es personnelles dont la transmission est implicite dans l&rsquo;utilisation des protocoles de communication Internet.<\/p>\n<p>Ces informations ne sont pas collect\u00e9es pour \u00eatre associ\u00e9es \u00e0 des personnes identifi\u00e9es, mais, de par leur nature m\u00eame, elles pourraient, par le biais d&rsquo;un traitement et d&rsquo;une association avec des donn\u00e9es d\u00e9tenues par des tiers, permettre d&rsquo;identifier les utilisateurs.<\/p>\n<p>Cette cat\u00e9gorie de donn\u00e9es comprend les adresses IP ou les noms de domaine des ordinateurs utilis\u00e9s par les utilisateurs qui se connectent au site, les adresses URI (Uniform Resource Identifier) des ressources demand\u00e9es, l&rsquo;heure de la demande, la m\u00e9thode utilis\u00e9e pour soumettre la demande au serveur, la taille du fichier obtenu en r\u00e9ponse, le code num\u00e9rique indiquant l&rsquo;\u00e9tat de la r\u00e9ponse donn\u00e9e par le serveur (succ\u00e8s, erreur, etc.) et d&rsquo;autres param\u00e8tres relatifs au syst\u00e8me d&rsquo;exploitation et \u00e0 l&rsquo;environnement informatique de l&rsquo;utilisateur. etc.) et d&rsquo;autres param\u00e8tres relatifs au syst\u00e8me d&rsquo;exploitation et \u00e0 l&rsquo;environnement informatique de l&rsquo;utilisateur.<\/p>\n<p>Ces donn\u00e9es sont utilis\u00e9es dans le seul but d&rsquo;obtenir des informations statistiques anonymes sur l&rsquo;utilisation du site et de v\u00e9rifier son bon fonctionnement, et sont supprim\u00e9es imm\u00e9diatement apr\u00e8s leur traitement. Les donn\u00e9es pourraient \u00eatre utilis\u00e9es pour d\u00e9terminer la responsabilit\u00e9 en cas d&rsquo;hypoth\u00e9tiques d\u00e9lits informatiques contre le site : \u00e0 l&rsquo;exception de cette possibilit\u00e9, les donn\u00e9es sur les contacts web ne sont actuellement pas conserv\u00e9es plus de sept jours.<\/p>\n<p>Donn\u00e9es fournies volontairement<\/p>\n<p>Les syst\u00e8mes informatiques et les proc\u00e9dures logicielles utilis\u00e9s pour faire fonctionner ce site web acqui\u00e8rent, au cours de leur fonctionnement normal, certaines donn\u00e9es personnelles dont la transmission est implicite dans l&rsquo;utilisation des protocoles de communication Internet.<\/p>\n<p>Ces informations ne sont pas collect\u00e9es pour \u00eatre associ\u00e9es \u00e0 des personnes identifi\u00e9es, mais, de par leur nature m\u00eame, elles pourraient, par le biais d&rsquo;un traitement et d&rsquo;une association avec des donn\u00e9es d\u00e9tenues par des tiers, permettre d&rsquo;identifier les utilisateurs.<\/p>\n<p>Cette cat\u00e9gorie de donn\u00e9es comprend les adresses IP ou les noms de domaine des ordinateurs utilis\u00e9s par les utilisateurs qui se connectent au site, les adresses URI (Uniform Resource Identifier) des ressources demand\u00e9es, l&rsquo;heure de la demande, la m\u00e9thode utilis\u00e9e pour soumettre la demande au serveur, la taille du fichier obtenu en r\u00e9ponse, le code num\u00e9rique indiquant l&rsquo;\u00e9tat de la r\u00e9ponse donn\u00e9e par le serveur (succ\u00e8s, erreur, etc.) et d&rsquo;autres param\u00e8tres relatifs au syst\u00e8me d&rsquo;exploitation et \u00e0 l&rsquo;environnement informatique de l&rsquo;utilisateur. etc.) et d&rsquo;autres param\u00e8tres relatifs au syst\u00e8me d&rsquo;exploitation et \u00e0 l&rsquo;environnement informatique de l&rsquo;utilisateur.<\/p>\n<p>Ces donn\u00e9es sont utilis\u00e9es dans le seul but d&rsquo;obtenir des informations statistiques anonymes sur l&rsquo;utilisation du site et de v\u00e9rifier son bon fonctionnement, et sont supprim\u00e9es imm\u00e9diatement apr\u00e8s leur traitement. Les donn\u00e9es pourraient \u00eatre utilis\u00e9es pour d\u00e9terminer la responsabilit\u00e9 en cas d&rsquo;hypoth\u00e9tiques d\u00e9lits informatiques contre le site : \u00e0 l&rsquo;exception de cette possibilit\u00e9, les donn\u00e9es relatives aux contacts web ne sont actuellement pas conserv\u00e9es plus de sept jours.<\/p>\n<p>Donn\u00e9es fournies volontairement<\/p>\n<p>Cookies<\/p>\n<p>Aucune donn\u00e9e personnelle des utilisateurs n&rsquo;est acquise par le site \u00e0 cet \u00e9gard. Les cookies ne sont pas utilis\u00e9s pour transmettre des informations personnelles, et aucun cookie dit \u00ab persistant \u00bb n&rsquo;est utilis\u00e9, c&rsquo;est-\u00e0-dire aucun syst\u00e8me permettant de suivre les utilisateurs.<\/p>\n<p>L&rsquo;utilisation de cookies dits de session (qui ne sont pas stock\u00e9s de mani\u00e8re permanente sur l&rsquo;ordinateur de l&rsquo;utilisateur et disparaissent \u00e0 la fermeture du navigateur) est strictement limit\u00e9e \u00e0 la transmission d&rsquo;identifiants de session (compos\u00e9s de nombres al\u00e9atoires g\u00e9n\u00e9r\u00e9s par le serveur) n\u00e9cessaires pour permettre une exploration s\u00fbre et efficace du site.<\/p>\n<p>Les cookies dits de session utilis\u00e9s sur ce site \u00e9vitent le recours \u00e0 d&rsquo;autres techniques informatiques susceptibles de compromettre la confidentialit\u00e9 de la navigation des utilisateurs et ne permettent pas l&rsquo;acquisition de donn\u00e9es personnelles identifiant l&rsquo;utilisateur.<\/p>\n<p>Fourniture facultative des donn\u00e9es<\/p>\n<p>Hormis ce qui a \u00e9t\u00e9 sp\u00e9cifi\u00e9 pour les donn\u00e9es de navigation, l&rsquo;utilisateur est libre de fournir les donn\u00e9es personnelles contenues dans les formulaires de demande de service, ou indiqu\u00e9es dans les contacts avec nos bureaux pour demander l&rsquo;envoi de newsletters, de mat\u00e9riel informatif ou d&rsquo;autres communications.<\/p>\n<p>Le refus de fournir ces donn\u00e9es peut rendre impossible l&rsquo;obtention de ce qui a \u00e9t\u00e9 demand\u00e9.<\/p>\n<p>M\u00e9thodes de traitement<\/p>\n<p>Les donn\u00e9es personnelles sont trait\u00e9es \u00e0 l&rsquo;aide d&rsquo;outils automatis\u00e9s et manuels pendant le temps strictement n\u00e9cessaire pour atteindre les objectifs pour lesquels elles ont \u00e9t\u00e9 collect\u00e9es.<\/p>\n<p>Des mesures de s\u00e9curit\u00e9 sp\u00e9cifiques sont observ\u00e9es pour pr\u00e9venir la perte de donn\u00e9es, l&rsquo;utilisation illicite ou incorrecte et l&rsquo;acc\u00e8s non autoris\u00e9.<\/p>\n<p>Droits des personnes concern\u00e9es<\/p>\n<p>Les personnes auxquelles se r\u00e9f\u00e8rent les donn\u00e9es \u00e0 caract\u00e8re personnel peuvent \u00e0 tout moment exercer les droits suivants : acc\u00e8s, v\u00e9rification de l&rsquo;exactitude, mise \u00e0 jour, rectification, int\u00e9gration, effacement, limitation du traitement, notification, portabilit\u00e9 et opposition.<\/p>\n<p>Les personnes concern\u00e9es ont \u00e9galement le droit de demander la suppression, l&rsquo;anonymisation ou le blocage des donn\u00e9es trait\u00e9es en violation de la loi, ainsi que de s&rsquo;opposer dans tous les cas, pour des raisons l\u00e9gitimes, \u00e0 leur traitement.<\/p>\n<p>Les demandes doivent \u00eatre envoy\u00e9es \u00e0 l&rsquo;adresse \u00e9lectronique suivante oucrierel@gmail.com ou par courrier postal \u00e0 Hostel Ou Crierel, Localit\u00e0 Fey 2, 11020 Lillianes (Aoste).<\/p>\n<\/div>\n<p><!--more--><br \/>\n<!-- {\"type\":\"layout\",\"children\":[{\"type\":\"section\",\"props\":{\"image_position\":\"center-center\",\"style\":\"default\",\"title_breakpoint\":\"xl\",\"title_position\":\"top-left\",\"title_rotation\":\"left\",\"vertical_align\":\"middle\",\"width\":\"xlarge\"},\"children\":[{\"type\":\"row\",\"children\":[{\"type\":\"column\",\"props\":{\"image_position\":\"center-center\",\"position_sticky_breakpoint\":\"m\"},\"children\":[{\"type\":\"headline\",\"props\":{\"title_element\":\"h1\"},\"source_extended\":{\"props\":{\"content\":{\"query\":{\"name\":\"pages.singlePage\"},\"name\":\"title\"}}}},{\"type\":\"text\",\"props\":{\"column_breakpoint\":\"m\",\"content\":\"\n\n<p>Informations sur le site web<\\\/p>\\n\n\n<p>Politique de confidentialit\\u00e9 de ce site web<\\\/p>\\n\n\n<p>Cette page d\\u00e9crit la mani\\u00e8re dont le site web est g\\u00e9r\\u00e9 en ce qui concerne le traitement des donn\\u00e9es personnelles des utilisateurs qui le consultent. Ces informations sont fournies conform\\u00e9ment au Code de confidentialit\\u00e9 (d\\u00e9cret l\\u00e9gislatif n\\u00b0 196\\\/2003) et au r\\u00e8glement (UE) 2016\\\/679 sur la protection des donn\\u00e9es personnelles \\u00e0 ceux qui consultent les pages du site web www.oucrierel.com (ci-apr\\u00e8s : \\u00ab site web \\u00bb) ou qui utilisent les services mis \\u00e0 disposition sur celui-ci. Les informations sont fournies exclusivement pour le site web www.oucrierel.com et non pour d'autres sites web qui peuvent \\u00eatre consult\\u00e9s par l'utilisateur via des liens pr\\u00e9sents sur le site web.<\\\/p>\\n\n\n<p>Responsable du traitement<\\\/p>\\n\n\n<p>Le responsable du traitement est Ou Crierel di Squinabol Roberta, dont le si\\u00e8ge social est situ\\u00e9 \\u00e0 Localit\\u00e0 Fey 2, 11020 Lillianes (Aoste).<\\\/p>\\n\n\n<p>Donn\\u00e9es de navigation<\\\/p>\\n\n\n<p>Les syst\\u00e8mes informatiques et les proc\\u00e9dures logicielles utilis\\u00e9s pour faire fonctionner ce site web acqui\\u00e8rent, au cours de leur fonctionnement normal, certaines donn\\u00e9es personnelles dont la transmission est implicite dans l'utilisation des protocoles de communication Internet.<\\\/p>\\n\n\n<p>Ces informations ne sont pas collect\\u00e9es pour \\u00eatre associ\\u00e9es \\u00e0 des personnes identifi\\u00e9es, mais, de par leur nature m\\u00eame, elles pourraient, par le biais d'un traitement et d'une association avec des donn\\u00e9es d\\u00e9tenues par des tiers, permettre d'identifier les utilisateurs.<\\\/p>\\n\n\n<p>Cette cat\\u00e9gorie de donn\\u00e9es comprend les adresses IP ou les noms de domaine des ordinateurs utilis\\u00e9s par les utilisateurs qui se connectent au site, les adresses URI (Uniform Resource Identifier) des ressources demand\\u00e9es, l'heure de la demande, la m\\u00e9thode utilis\\u00e9e pour soumettre la demande au serveur, la taille du fichier obtenu en r\\u00e9ponse, le code num\\u00e9rique indiquant l'\\u00e9tat de la r\\u00e9ponse donn\\u00e9e par le serveur (succ\\u00e8s, erreur, etc.) et d'autres param\\u00e8tres relatifs au syst\\u00e8me d'exploitation et \\u00e0 l'environnement informatique de l'utilisateur. etc.) et d'autres param\\u00e8tres relatifs au syst\\u00e8me d'exploitation et \\u00e0 l'environnement informatique de l'utilisateur.<\\\/p>\\n\n\n<p>Ces donn\\u00e9es sont utilis\\u00e9es dans le seul but d'obtenir des informations statistiques anonymes sur l'utilisation du site et de v\\u00e9rifier son bon fonctionnement, et sont supprim\\u00e9es imm\\u00e9diatement apr\\u00e8s leur traitement. Les donn\\u00e9es pourraient \\u00eatre utilis\\u00e9es pour d\\u00e9terminer la responsabilit\\u00e9 en cas d'hypoth\\u00e9tiques d\\u00e9lits informatiques contre le site : \\u00e0 l'exception de cette possibilit\\u00e9, les donn\\u00e9es sur les contacts web ne sont actuellement pas conserv\\u00e9es plus de sept jours.<\\\/p>\\n\n\n<p>Donn\\u00e9es fournies volontairement<\\\/p>\\n\n\n<p>Les syst\\u00e8mes informatiques et les proc\\u00e9dures logicielles utilis\\u00e9s pour faire fonctionner ce site web acqui\\u00e8rent, au cours de leur fonctionnement normal, certaines donn\\u00e9es personnelles dont la transmission est implicite dans l'utilisation des protocoles de communication Internet.<\\\/p>\\n\n\n<p>Ces informations ne sont pas collect\\u00e9es pour \\u00eatre associ\\u00e9es \\u00e0 des personnes identifi\\u00e9es, mais, de par leur nature m\\u00eame, elles pourraient, par le biais d'un traitement et d'une association avec des donn\\u00e9es d\\u00e9tenues par des tiers, permettre d'identifier les utilisateurs.<\\\/p>\\n\n\n<p>Cette cat\\u00e9gorie de donn\\u00e9es comprend les adresses IP ou les noms de domaine des ordinateurs utilis\\u00e9s par les utilisateurs qui se connectent au site, les adresses URI (Uniform Resource Identifier) des ressources demand\\u00e9es, l'heure de la demande, la m\\u00e9thode utilis\\u00e9e pour soumettre la demande au serveur, la taille du fichier obtenu en r\\u00e9ponse, le code num\\u00e9rique indiquant l'\\u00e9tat de la r\\u00e9ponse donn\\u00e9e par le serveur (succ\\u00e8s, erreur, etc.) et d'autres param\\u00e8tres relatifs au syst\\u00e8me d'exploitation et \\u00e0 l'environnement informatique de l'utilisateur. etc.) et d'autres param\\u00e8tres relatifs au syst\\u00e8me d'exploitation et \\u00e0 l'environnement informatique de l'utilisateur.<\\\/p>\\n\n\n<p>Ces donn\\u00e9es sont utilis\\u00e9es dans le seul but d'obtenir des informations statistiques anonymes sur l'utilisation du site et de v\\u00e9rifier son bon fonctionnement, et sont supprim\\u00e9es imm\\u00e9diatement apr\\u00e8s leur traitement. Les donn\\u00e9es pourraient \\u00eatre utilis\\u00e9es pour d\\u00e9terminer la responsabilit\\u00e9 en cas d'hypoth\\u00e9tiques d\\u00e9lits informatiques contre le site : \\u00e0 l'exception de cette possibilit\\u00e9, les donn\\u00e9es relatives aux contacts web ne sont actuellement pas conserv\\u00e9es plus de sept jours.<\\\/p>\\n\n\n<p>Donn\\u00e9es fournies volontairement<\\\/p>\\n\n\n<p>Cookies<\\\/p>\\n\n\n<p>Aucune donn\\u00e9e personnelle des utilisateurs n'est acquise par le site \\u00e0 cet \\u00e9gard. Les cookies ne sont pas utilis\\u00e9s pour transmettre des informations personnelles, et aucun cookie dit \\u00ab persistant \\u00bb n'est utilis\\u00e9, c'est-\\u00e0-dire aucun syst\\u00e8me permettant de suivre les utilisateurs.<\\\/p>\\n\n\n<p>L'utilisation de cookies dits de session (qui ne sont pas stock\\u00e9s de mani\\u00e8re permanente sur l'ordinateur de l'utilisateur et disparaissent \\u00e0 la fermeture du navigateur) est strictement limit\\u00e9e \\u00e0 la transmission d'identifiants de session (compos\\u00e9s de nombres al\\u00e9atoires g\\u00e9n\\u00e9r\\u00e9s par le serveur) n\\u00e9cessaires pour permettre une exploration s\\u00fbre et efficace du site.<\\\/p>\\n\n\n<p>Les cookies dits de session utilis\\u00e9s sur ce site \\u00e9vitent le recours \\u00e0 d'autres techniques informatiques susceptibles de compromettre la confidentialit\\u00e9 de la navigation des utilisateurs et ne permettent pas l'acquisition de donn\\u00e9es personnelles identifiant l'utilisateur.<\\\/p>\\n\n\n<p>Fourniture facultative des donn\\u00e9es<\\\/p>\\n\n\n<p>Hormis ce qui a \\u00e9t\\u00e9 sp\\u00e9cifi\\u00e9 pour les donn\\u00e9es de navigation, l'utilisateur est libre de fournir les donn\\u00e9es personnelles contenues dans les formulaires de demande de service, ou indiqu\\u00e9es dans les contacts avec nos bureaux pour demander l'envoi de newsletters, de mat\\u00e9riel informatif ou d'autres communications.<\\\/p>\\n\n\n<p>Le refus de fournir ces donn\\u00e9es peut rendre impossible l'obtention de ce qui a \\u00e9t\\u00e9 demand\\u00e9.<\\\/p>\\n\n\n<p>M\\u00e9thodes de traitement<\\\/p>\\n\n\n<p>Les donn\\u00e9es personnelles sont trait\\u00e9es \\u00e0 l'aide d'outils automatis\\u00e9s et manuels pendant le temps strictement n\\u00e9cessaire pour atteindre les objectifs pour lesquels elles ont \\u00e9t\\u00e9 collect\\u00e9es.<\\\/p>\\n\n\n<p>Des mesures de s\\u00e9curit\\u00e9 sp\\u00e9cifiques sont observ\\u00e9es pour pr\\u00e9venir la perte de donn\\u00e9es, l'utilisation illicite ou incorrecte et l'acc\\u00e8s non autoris\\u00e9.<\\\/p>\\n\n\n<p>Droits des personnes concern\\u00e9es<\\\/p>\\n\n\n<p>Les personnes auxquelles se r\\u00e9f\\u00e8rent les donn\\u00e9es \\u00e0 caract\\u00e8re personnel peuvent \\u00e0 tout moment exercer les droits suivants : acc\\u00e8s, v\\u00e9rification de l'exactitude, mise \\u00e0 jour, rectification, int\\u00e9gration, effacement, limitation du traitement, notification, portabilit\\u00e9 et opposition.<\\\/p>\\n\n\n<p>Les personnes concern\\u00e9es ont \\u00e9galement le droit de demander la suppression, l'anonymisation ou le blocage des donn\\u00e9es trait\\u00e9es en violation de la loi, ainsi que de s'opposer dans tous les cas, pour des raisons l\\u00e9gitimes, \\u00e0 leur traitement.<\\\/p>\\n\n\n<p>Les demandes doivent \\u00eatre envoy\\u00e9es \\u00e0 l'adresse \\u00e9lectronique suivante oucrierel@gmail.com ou par courrier postal \\u00e0 Hostel Ou Crierel, Localit\\u00e0 Fey 2, 11020 Lillianes (Aoste).<\\\/p>\",\"margin\":\"default\"}}]}]}]}],\"version\":\"4.5.32\",\"yooessentialsVersion\":\"2.4.12\"} --><\/p>\n","protected":false},"excerpt":{"rendered":"<p>Informations sur le site web Politique de confidentialit\u00e9 de ce site web Cette page d\u00e9crit la mani\u00e8re dont le site web est g\u00e9r\u00e9 en ce qui concerne le traitement des donn\u00e9es personnelles des utilisateurs qui le consultent. Ces informations sont fournies conform\u00e9ment au Code de confidentialit\u00e9 (d\u00e9cret l\u00e9gislatif n\u00b0 196\/2003) et au r\u00e8glement (UE) 2016\/679 [&hellip;]<\/p>\n","protected":false},"author":1,"featured_media":0,"parent":0,"menu_order":0,"comment_status":"closed","ping_status":"closed","template":"","meta":{"_acf_changed":false,"_seopress_robots_primary_cat":"","_seopress_titles_title":"","_seopress_titles_desc":"","_seopress_robots_index":"","footnotes":""},"class_list":["post-846","page","type-page","status-publish","hentry"],"acf":[],"_links":{"self":[{"href":"https:\/\/oucrierel.com\/fr\/wp-json\/wp\/v2\/pages\/846","targetHints":{"allow":["GET"]}}],"collection":[{"href":"https:\/\/oucrierel.com\/fr\/wp-json\/wp\/v2\/pages"}],"about":[{"href":"https:\/\/oucrierel.com\/fr\/wp-json\/wp\/v2\/types\/page"}],"author":[{"embeddable":true,"href":"https:\/\/oucrierel.com\/fr\/wp-json\/wp\/v2\/users\/1"}],"replies":[{"embeddable":true,"href":"https:\/\/oucrierel.com\/fr\/wp-json\/wp\/v2\/comments?post=846"}],"version-history":[{"count":1,"href":"https:\/\/oucrierel.com\/fr\/wp-json\/wp\/v2\/pages\/846\/revisions"}],"predecessor-version":[{"id":847,"href":"https:\/\/oucrierel.com\/fr\/wp-json\/wp\/v2\/pages\/846\/revisions\/847"}],"wp:attachment":[{"href":"https:\/\/oucrierel.com\/fr\/wp-json\/wp\/v2\/media?parent=846"}],"curies":[{"name":"wp","href":"https:\/\/api.w.org\/{rel}","templated":true}]}}