{"id":836,"date":"2025-10-23T16:12:01","date_gmt":"2025-10-23T14:12:01","guid":{"rendered":"https:\/\/oucrierel.com\/cookie-policy"},"modified":"2025-12-16T13:39:32","modified_gmt":"2025-12-16T12:39:32","slug":"cookie-policy","status":"publish","type":"page","link":"https:\/\/oucrierel.com\/fr\/cookie-policy","title":{"rendered":"Cookie Policy"},"content":{"rendered":"<div>\n<div id=\"bgLayers_comp-lnfydap7\" data-hook=\"bgLayers\" data-motion-part=\"BG_LAYER comp-lnfydap7\" class=\"MW5IWV\">\n<div id=\"bgMedia_comp-lnfydap7\" data-motion-part=\"BG_MEDIA comp-lnfydap7\" class=\"VgO9Yg\">\n<p>Informations d\u00e9taill\u00e9es sur les cookies<\/p>\n<p>Les cookies sont constitu\u00e9s de portions de code install\u00e9es dans le navigateur qui aident le propri\u00e9taire \u00e0 fournir le service conform\u00e9ment aux finalit\u00e9s d\u00e9crites. Certaines des finalit\u00e9s de l&rsquo;installation des cookies peuvent \u00e9galement n\u00e9cessiter le consentement de l&rsquo;utilisateur.<\/p>\n<p>Utilisation des cookies<\/p>\n<p>Ce site utilise des cookies afin de simplifier et d&rsquo;optimiser l&rsquo;exp\u00e9rience de navigation des personnes qui consultent ses pages.<br \/>Les utilisateurs qui consultent le site verront de petites quantit\u00e9s d&rsquo;informations \u00eatre enregistr\u00e9es sur leurs appareils, qu&rsquo;il s&rsquo;agisse d&rsquo;ordinateurs ou d&rsquo;appareils mobiles, dans de petits fichiers texte appel\u00e9s \u00ab cookies \u00bb stock\u00e9s dans les r\u00e9pertoires utilis\u00e9s par le navigateur web de l&rsquo;utilisateur.<br \/>La d\u00e9sactivation des cookies peut entra\u00eener le dysfonctionnement de certaines fonctionnalit\u00e9s du site.<br \/>Il existe diff\u00e9rents types de cookies, certains destin\u00e9s \u00e0 rendre l&rsquo;utilisation du site plus efficace, d&rsquo;autres \u00e0 activer certaines fonctionnalit\u00e9s.<br \/>Nos cookies permettent de m\u00e9moriser les pr\u00e9f\u00e9rences saisies, d&rsquo;\u00e9viter de saisir plusieurs fois les m\u00eames informations et d&rsquo;analyser l&rsquo;utilisation du site afin d&rsquo;optimiser l&rsquo;exp\u00e9rience de navigation.<\/p>\n<p>Types de cookies utilis\u00e9s sur ce site<\/p>\n<\/div>\n<\/div>\n<div data-mesh-id=\"comp-lnfydap7inlineContent\" data-testid=\"inline-content\" class=\"\">\n<div data-mesh-id=\"comp-lnfydap7inlineContent-gridContainer\" data-testid=\"mesh-container-content\">\n<div id=\"comp-jhx8fw26\" class=\"Z_l5lU MMl86N zQ9jDz qvSjx3 Vq6kJx comp-jhx8fw26 wixui-rich-text\" data-testid=\"richTextElement\">\n<p>Cookies techniques<br \/>Ce type de cookies est strictement n\u00e9cessaire au bon fonctionnement de certaines sections du site. Ils se divisent en deux cat\u00e9gories : persistants et de session :<\/p>\n<p>1) persistants : une fois le navigateur ferm\u00e9, ils ne sont pas d\u00e9truits mais restent jusqu&rsquo;\u00e0 une date d&rsquo;expiration pr\u00e9d\u00e9finie<\/p>\n<p>2) de session : ils sont d\u00e9truits chaque fois que le navigateur est ferm\u00e9<br \/>Ces cookies, toujours envoy\u00e9s par notre domaine, sont n\u00e9cessaires pour afficher correctement le site et, en relation avec les services techniques offerts, ils seront donc toujours utilis\u00e9s et envoy\u00e9s, \u00e0 moins que l&rsquo;utilisateur ne modifie les param\u00e8tres de son navigateur (ce qui affectera l&rsquo;affichage des pages du site).<\/p>\n<p>Cookies analytiques<br \/>Ces cookies sont utilis\u00e9s pour collecter des informations sur l&rsquo;utilisation du site.<br \/>Ces informations sont utilis\u00e9es dans le cadre d&rsquo;analyses statistiques anonymes afin d&rsquo;am\u00e9liorer l&rsquo;utilisation du site et de rendre son contenu plus int\u00e9ressant et plus pertinent pour les utilisateurs. Ce type de cookies collecte des donn\u00e9es anonymes sur l&rsquo;activit\u00e9 des utilisateurs et sur la mani\u00e8re dont ils sont arriv\u00e9s sur le site. Les cookies analytiques sont envoy\u00e9s par le site lui-m\u00eame ou par des domaines tiers.<\/p>\n<p>Types de cookies utilis\u00e9s sur ce site<\/p>\n<p>Sur ce site, conform\u00e9ment \u00e0 la l\u00e9gislation en vigueur, nous ne sommes pas tenus de demander le consentement pour les cookies techniques, car ils sont n\u00e9cessaires pour fournir les services demand\u00e9s.<br \/>Pour tous les autres types de cookies, le consentement peut \u00eatre exprim\u00e9 par l&rsquo;utilisateur de l&rsquo;une ou plusieurs des mani\u00e8res suivantes :<br \/>1) Par le biais de configurations sp\u00e9cifiques du navigateur utilis\u00e9 ou des programmes informatiques utilis\u00e9s pour naviguer sur les pages qui composent le site.<br \/>2) En modifiant les param\u00e8tres d&rsquo;utilisation des services tiers.<\/p>\n<p>Ces solutions peuvent emp\u00eacher l&rsquo;utilisateur d&rsquo;utiliser ou d&rsquo;afficher certaines parties du site.<\/p>\n<p>Sites web et services tiers<\/p>\n<p>Le site peut contenir des liens vers d&rsquo;autres sites web qui ont leur propre politique de confidentialit\u00e9, diff\u00e9rente de celle adopt\u00e9e par ce site, et qui ne sont donc pas responsables de ces sites.<\/p>\n<p>Cookies d&rsquo;analyse de services tiers<br \/>Ces cookies sont utilis\u00e9s afin de collecter des informations anonymes sur l&rsquo;utilisation du site par les utilisateurs, telles que : les pages visit\u00e9es, le temps pass\u00e9 sur le site, l&rsquo;origine du trafic, la provenance g\u00e9ographique, l&rsquo;\u00e2ge, le sexe et les centres d&rsquo;int\u00e9r\u00eat \u00e0 des fins de campagnes marketing. Ces cookies sont envoy\u00e9s par des domaines tiers externes au site.<\/p>\n<p>Cookies pour int\u00e9grer des produits et des fonctions de logiciels tiers<br \/>Ce type de cookies int\u00e8gre des fonctionnalit\u00e9s d\u00e9velopp\u00e9es par des tiers dans les pages du site, telles que les ic\u00f4nes et les pr\u00e9f\u00e9rences exprim\u00e9es dans les r\u00e9seaux sociaux afin de partager le contenu du site ou d&rsquo;utiliser des services logiciels tiers (tels que les logiciels de g\u00e9n\u00e9ration de cartes et d&rsquo;autres logiciels offrant des services suppl\u00e9mentaires). Ces cookies sont envoy\u00e9s par des domaines tiers et des sites partenaires qui offrent leurs fonctionnalit\u00e9s sur les pages du site.<\/p>\n<p>Cookies de profilage<br \/>Il s&rsquo;agit des cookies n\u00e9cessaires pour cr\u00e9er des profils d&rsquo;utilisateurs afin d&rsquo;envoyer des messages publicitaires en ligne avec les pr\u00e9f\u00e9rences exprim\u00e9es par l&rsquo;utilisateur sur les pages du site.<br \/>Nous n&rsquo;utilisons pas de cookies de profilage sur notre site.<\/p>\n<p>Types de cookies utilis\u00e9s sur ce site<\/p>\n<p>Sur ce site, conform\u00e9ment \u00e0 la r\u00e9glementation en vigueur, nous ne sommes pas tenus de demander le consentement pour les cookies techniques, car ils sont n\u00e9cessaires pour fournir les services demand\u00e9s.<br \/>Pour tous les autres types de cookies, le consentement peut \u00eatre exprim\u00e9 par l&rsquo;utilisateur par une ou plusieurs actions.<\/p>\n<p>Activit\u00e9s de sauvegarde des pr\u00e9f\u00e9rences, optimisation et statistiques<\/p>\n<p>Utilisation de cookies pour enregistrer les pr\u00e9f\u00e9rences de navigation et optimiser l&rsquo;exp\u00e9rience de navigation de l&rsquo;utilisateur. Parmi ces cookies figurent, par exemple, ceux qui permettent de d\u00e9finir la langue et la devise.<\/p>\n<p>Comment d\u00e9sactiver les cookies en configurant certains navigateurs<\/p>\n<p>Chaque navigateur dispose d&rsquo;instructions sp\u00e9cifiques pour configurer les cookies.<br \/>Voici quelques r\u00e9f\u00e9rences :<\/p>\n<\/div>\n<\/div>\n<\/div>\n<\/div>\n<ul>\n<li>\n<p>\n        <a href=\"https:\/\/support.google.com\/accounts\/answer\/61416?hl=it\">Guida Chrome<\/a>\n    <\/p>\n<\/li>\n<li>\n<p>\n        <a href=\"https:\/\/support.mozilla.org\/it\/kb\/Attivare%20e%20disattivare%20i%20cookie\">Guida Modzilla Firefox<\/a>\n    <\/p>\n<\/li>\n<li>\n<p>\n        <a href=\"http:\/\/windows.microsoft.com\/it-it\/windows-vista\/block-or-allow-cookies\">Guida Internet Explorer<\/a>\n    <\/p>\n<\/li>\n<li>\n<p>\n        <a href=\"https:\/\/support.apple.com\/it-it\/guide\/safari\/sfri11471\/mac\">Guida Safari Mac<\/a>\n    <\/p>\n<\/li>\n<li>\n<p>\n        <a href=\"https:\/\/support.apple.com\/it-it\/HT201265\">Safari dispositivi mobili<\/a>\n    <\/p>\n<\/li>\n<li>\n<p>\n        <a href=\"http:\/\/help.opera.com\/opera\/Windows\/2393\/it\/controlPages.html#manageCookies\">Guida Opera (inglese)<\/a>\n    <\/p>\n<\/li>\n<\/ul>\n<p><!--more--><br \/>\n<!-- {\"type\":\"layout\",\"children\":[{\"type\":\"section\",\"props\":{\"image_position\":\"center-center\",\"style\":\"default\",\"title_breakpoint\":\"xl\",\"title_position\":\"top-left\",\"title_rotation\":\"left\",\"vertical_align\":\"middle\",\"width\":\"xlarge\"},\"children\":[{\"type\":\"row\",\"children\":[{\"type\":\"column\",\"props\":{\"image_position\":\"center-center\",\"position_sticky_breakpoint\":\"m\"},\"children\":[{\"type\":\"headline\",\"props\":{\"title_element\":\"h1\"},\"source_extended\":{\"props\":{\"content\":{\"query\":{\"name\":\"pages.singlePage\"},\"name\":\"title\"}}}},{\"type\":\"text\",\"props\":{\"column_breakpoint\":\"m\",\"content\":\"\n\n<div id=\\\"bgLayers_comp-lnfydap7\\\" data-hook=\\\"bgLayers\\\" data-motion-part=\\\"BG_LAYER comp-lnfydap7\\\" class=\\\"MW5IWV\\\">\\n\n\n<div id=\\\"bgMedia_comp-lnfydap7\\\" data-motion-part=\\\"BG_MEDIA comp-lnfydap7\\\" class=\\\"VgO9Yg\\\">\\n\n\n<p>Informations d\\u00e9taill\\u00e9es sur les cookies<\\\/p>\\n\n\n<p>Les cookies sont constitu\\u00e9s de portions de code install\\u00e9es dans le navigateur qui aident le propri\\u00e9taire \\u00e0 fournir le service conform\\u00e9ment aux finalit\\u00e9s d\\u00e9crites. Certaines des finalit\\u00e9s de l'installation des cookies peuvent \\u00e9galement n\\u00e9cessiter le consentement de l'utilisateur.<\\\/p>\\n\n\n<p>Utilisation des cookies<\\\/p>\\n\n\n<p>Ce site utilise des cookies afin de simplifier et d'optimiser l'exp\\u00e9rience de navigation des personnes qui consultent ses pages.<br \\\/>Les utilisateurs qui consultent le site verront de petites quantit\\u00e9s d'informations \\u00eatre enregistr\\u00e9es sur leurs appareils, qu'il s'agisse d'ordinateurs ou d'appareils mobiles, dans de petits fichiers texte appel\\u00e9s \\u00ab cookies \\u00bb stock\\u00e9s dans les r\\u00e9pertoires utilis\\u00e9s par le navigateur web de l'utilisateur.<br \\\/>La d\\u00e9sactivation des cookies peut entra\\u00eener le dysfonctionnement de certaines fonctionnalit\\u00e9s du site.<br \\\/>Il existe diff\\u00e9rents types de cookies, certains destin\\u00e9s \\u00e0 rendre l'utilisation du site plus efficace, d'autres \\u00e0 activer certaines fonctionnalit\\u00e9s.<br \\\/>Nos cookies permettent de m\\u00e9moriser les pr\\u00e9f\\u00e9rences saisies, d'\\u00e9viter de saisir plusieurs fois les m\\u00eames informations et d'analyser l'utilisation du site afin d'optimiser l'exp\\u00e9rience de navigation.<\\\/p>\\n\n\n<p>Types de cookies utilis\\u00e9s sur ce site<\\\/p>\\n<\\\/div>\\n<\\\/div>\\n\n\n<div data-mesh-id=\\\"comp-lnfydap7inlineContent\\\" data-testid=\\\"inline-content\\\" class=\\\"\\\">\\n\n\n<div data-mesh-id=\\\"comp-lnfydap7inlineContent-gridContainer\\\" data-testid=\\\"mesh-container-content\\\">\\n\n\n<div id=\\\"comp-jhx8fw26\\\" class=\\\"Z_l5lU MMl86N zQ9jDz qvSjx3 Vq6kJx comp-jhx8fw26 wixui-rich-text\\\" data-testid=\\\"richTextElement\\\">\\n\n\n<p>Cookies techniques<br \\\/>Ce type de cookies est strictement n\\u00e9cessaire au bon fonctionnement de certaines sections du site. Ils se divisent en deux cat\\u00e9gories : persistants et de session :<\\\/p>\\n\n\n<p>1) persistants : une fois le navigateur ferm\\u00e9, ils ne sont pas d\\u00e9truits mais restent jusqu'\\u00e0 une date d'expiration pr\\u00e9d\\u00e9finie<\\\/p>\\n\n\n<p>2) de session : ils sont d\\u00e9truits chaque fois que le navigateur est ferm\\u00e9<br \\\/>Ces cookies, toujours envoy\\u00e9s par notre domaine, sont n\\u00e9cessaires pour afficher correctement le site et, en relation avec les services techniques offerts, ils seront donc toujours utilis\\u00e9s et envoy\\u00e9s, \\u00e0 moins que l'utilisateur ne modifie les param\\u00e8tres de son navigateur (ce qui affectera l'affichage des pages du site).<\\\/p>\\n\n\n<p>Cookies analytiques<br \\\/>Ces cookies sont utilis\\u00e9s pour collecter des informations sur l'utilisation du site.<br \\\/>Ces informations sont utilis\\u00e9es dans le cadre d'analyses statistiques anonymes afin d'am\\u00e9liorer l'utilisation du site et de rendre son contenu plus int\\u00e9ressant et plus pertinent pour les utilisateurs. Ce type de cookies collecte des donn\\u00e9es anonymes sur l'activit\\u00e9 des utilisateurs et sur la mani\\u00e8re dont ils sont arriv\\u00e9s sur le site. Les cookies analytiques sont envoy\\u00e9s par le site lui-m\\u00eame ou par des domaines tiers.<\\\/p>\\n\n\n<p>Types de cookies utilis\\u00e9s sur ce site<\\\/p>\\n\n\n<p>Sur ce site, conform\\u00e9ment \\u00e0 la l\\u00e9gislation en vigueur, nous ne sommes pas tenus de demander le consentement pour les cookies techniques, car ils sont n\\u00e9cessaires pour fournir les services demand\\u00e9s.<br \\\/>Pour tous les autres types de cookies, le consentement peut \\u00eatre exprim\\u00e9 par l'utilisateur de l'une ou plusieurs des mani\\u00e8res suivantes :<br \\\/>1) Par le biais de configurations sp\\u00e9cifiques du navigateur utilis\\u00e9 ou des programmes informatiques utilis\\u00e9s pour naviguer sur les pages qui composent le site.<br \\\/>2) En modifiant les param\\u00e8tres d'utilisation des services tiers.<\\\/p>\\n\n\n<p>Ces solutions peuvent emp\\u00eacher l'utilisateur d'utiliser ou d'afficher certaines parties du site.<\\\/p>\\n\n\n<p>Sites web et services tiers<\\\/p>\\n\n\n<p>Le site peut contenir des liens vers d'autres sites web qui ont leur propre politique de confidentialit\\u00e9, diff\\u00e9rente de celle adopt\\u00e9e par ce site, et qui ne sont donc pas responsables de ces sites.<\\\/p>\\n\n\n<p>Cookies d'analyse de services tiers<br \\\/>Ces cookies sont utilis\\u00e9s afin de collecter des informations anonymes sur l'utilisation du site par les utilisateurs, telles que : les pages visit\\u00e9es, le temps pass\\u00e9 sur le site, l'origine du trafic, la provenance g\\u00e9ographique, l'\\u00e2ge, le sexe et les centres d'int\\u00e9r\\u00eat \\u00e0 des fins de campagnes marketing. Ces cookies sont envoy\\u00e9s par des domaines tiers externes au site.<\\\/p>\\n\n\n<p>Cookies pour int\\u00e9grer des produits et des fonctions de logiciels tiers<br \\\/>Ce type de cookies int\\u00e8gre des fonctionnalit\\u00e9s d\\u00e9velopp\\u00e9es par des tiers dans les pages du site, telles que les ic\\u00f4nes et les pr\\u00e9f\\u00e9rences exprim\\u00e9es dans les r\\u00e9seaux sociaux afin de partager le contenu du site ou d'utiliser des services logiciels tiers (tels que les logiciels de g\\u00e9n\\u00e9ration de cartes et d'autres logiciels offrant des services suppl\\u00e9mentaires). Ces cookies sont envoy\\u00e9s par des domaines tiers et des sites partenaires qui offrent leurs fonctionnalit\\u00e9s sur les pages du site.<\\\/p>\\n\n\n<p>Cookies de profilage<br \\\/>Il s'agit des cookies n\\u00e9cessaires pour cr\\u00e9er des profils d'utilisateurs afin d'envoyer des messages publicitaires en ligne avec les pr\\u00e9f\\u00e9rences exprim\\u00e9es par l'utilisateur sur les pages du site.<br \\\/>Nous n'utilisons pas de cookies de profilage sur notre site.<\\\/p>\\n\n\n<p>Types de cookies utilis\\u00e9s sur ce site<\\\/p>\\n\n\n<p>Sur ce site, conform\\u00e9ment \\u00e0 la r\\u00e9glementation en vigueur, nous ne sommes pas tenus de demander le consentement pour les cookies techniques, car ils sont n\\u00e9cessaires pour fournir les services demand\\u00e9s.<br \\\/>Pour tous les autres types de cookies, le consentement peut \\u00eatre exprim\\u00e9 par l'utilisateur par une ou plusieurs actions.<\\\/p>\\n\n\n<p>Activit\\u00e9s de sauvegarde des pr\\u00e9f\\u00e9rences, optimisation et statistiques<\\\/p>\\n\n\n<p>Utilisation de cookies pour enregistrer les pr\\u00e9f\\u00e9rences de navigation et optimiser l'exp\\u00e9rience de navigation de l'utilisateur. Parmi ces cookies figurent, par exemple, ceux qui permettent de d\\u00e9finir la langue et la devise.<\\\/p>\\n\n\n<p>Comment d\\u00e9sactiver les cookies en configurant certains navigateurs<\\\/p>\\n\n\n<p>Chaque navigateur dispose d'instructions sp\\u00e9cifiques pour configurer les cookies.<br \\\/>Voici quelques r\\u00e9f\\u00e9rences :<\\\/p>\\n<\\\/div>\\n<\\\/div>\\n<\\\/div>\",\"margin\":\"default\"}},{\"type\":\"button\",\"props\":{\"grid_column_gap\":\"small\",\"grid_row_gap\":\"small\",\"margin\":\"default\"},\"children\":[{\"type\":\"button_item\",\"props\":{\"button_style\":\"secondary\",\"content\":\"Guida Chrome\",\"dialog_layout\":\"modal\",\"dialog_offcanvas_flip\":true,\"icon_align\":\"left\",\"link\":\"https:\\\/\\\/support.google.com\\\/accounts\\\/answer\\\/61416?hl=it\",\"link_aria_label\":\"Chrome\"}},{\"type\":\"button_item\",\"props\":{\"button_style\":\"secondary\",\"content\":\"Guida Modzilla Firefox\",\"dialog_layout\":\"modal\",\"dialog_offcanvas_flip\":true,\"icon_align\":\"left\",\"link\":\"https:\\\/\\\/support.mozilla.org\\\/it\\\/kb\\\/Attivare%20e%20disattivare%20i%20cookie\",\"link_aria_label\":\"Modzilla\"}},{\"type\":\"button_item\",\"props\":{\"button_style\":\"secondary\",\"content\":\"Guida Internet Explorer\",\"dialog_layout\":\"modal\",\"dialog_offcanvas_flip\":true,\"icon_align\":\"left\",\"link\":\"http:\\\/\\\/windows.microsoft.com\\\/it-it\\\/windows-vista\\\/block-or-allow-cookies\",\"link_aria_label\":\"Internet explorer\"}},{\"type\":\"button_item\",\"props\":{\"button_style\":\"secondary\",\"content\":\"Guida Safari Mac\",\"dialog_layout\":\"modal\",\"dialog_offcanvas_flip\":true,\"icon_align\":\"left\",\"link\":\"https:\\\/\\\/support.apple.com\\\/it-it\\\/guide\\\/safari\\\/sfri11471\\\/mac\",\"link_aria_label\":\"Safari\"}},{\"type\":\"button_item\",\"props\":{\"button_style\":\"secondary\",\"content\":\"Safari dispositivi mobili\",\"dialog_layout\":\"modal\",\"dialog_offcanvas_flip\":true,\"icon_align\":\"left\",\"link\":\"https:\\\/\\\/support.apple.com\\\/it-it\\\/HT201265\",\"link_aria_label\":\"Mobile\"}},{\"type\":\"button_item\",\"props\":{\"button_style\":\"secondary\",\"content\":\"Guida Opera (inglese)\",\"dialog_layout\":\"modal\",\"dialog_offcanvas_flip\":true,\"icon_align\":\"left\",\"link\":\"http:\\\/\\\/help.opera.com\\\/opera\\\/Windows\\\/2393\\\/it\\\/controlPages.html#manageCookies\",\"link_aria_label\":\"Opera\"}}]}]}]}]}],\"version\":\"4.5.32\",\"yooessentialsVersion\":\"2.4.12\"} --><\/p>\n","protected":false},"excerpt":{"rendered":"<p>Informations d\u00e9taill\u00e9es sur les cookies Les cookies sont constitu\u00e9s de portions de code install\u00e9es dans le navigateur qui aident le propri\u00e9taire \u00e0 fournir le service conform\u00e9ment aux finalit\u00e9s d\u00e9crites. Certaines des finalit\u00e9s de l&rsquo;installation des cookies peuvent \u00e9galement n\u00e9cessiter le consentement de l&rsquo;utilisateur. Utilisation des cookies Ce site utilise des cookies afin de simplifier et [&hellip;]<\/p>\n","protected":false},"author":1,"featured_media":0,"parent":0,"menu_order":0,"comment_status":"closed","ping_status":"open","template":"","meta":{"_acf_changed":false,"_seopress_robots_primary_cat":"","_seopress_titles_title":"","_seopress_titles_desc":"","_seopress_robots_index":"","footnotes":""},"class_list":["post-836","page","type-page","status-publish","hentry"],"acf":[],"_links":{"self":[{"href":"https:\/\/oucrierel.com\/fr\/wp-json\/wp\/v2\/pages\/836","targetHints":{"allow":["GET"]}}],"collection":[{"href":"https:\/\/oucrierel.com\/fr\/wp-json\/wp\/v2\/pages"}],"about":[{"href":"https:\/\/oucrierel.com\/fr\/wp-json\/wp\/v2\/types\/page"}],"author":[{"embeddable":true,"href":"https:\/\/oucrierel.com\/fr\/wp-json\/wp\/v2\/users\/1"}],"replies":[{"embeddable":true,"href":"https:\/\/oucrierel.com\/fr\/wp-json\/wp\/v2\/comments?post=836"}],"version-history":[{"count":3,"href":"https:\/\/oucrierel.com\/fr\/wp-json\/wp\/v2\/pages\/836\/revisions"}],"predecessor-version":[{"id":929,"href":"https:\/\/oucrierel.com\/fr\/wp-json\/wp\/v2\/pages\/836\/revisions\/929"}],"wp:attachment":[{"href":"https:\/\/oucrierel.com\/fr\/wp-json\/wp\/v2\/media?parent=836"}],"curies":[{"name":"wp","href":"https:\/\/api.w.org\/{rel}","templated":true}]}}