{"id":769,"date":"2025-11-25T15:04:27","date_gmt":"2025-11-25T14:04:27","guid":{"rendered":"https:\/\/oucrierel.com\/contatti"},"modified":"2026-02-16T15:36:33","modified_gmt":"2026-02-16T14:36:33","slug":"contatti","status":"publish","type":"page","link":"https:\/\/oucrierel.com\/fr\/contatti","title":{"rendered":"Contacts"},"content":{"rendered":"<h1>Vous avez besoin d&rsquo;informations?<br \/>\n<\/h1>\n<div>Vous avez des doutes sur les services de l&rsquo;auberge, des questions sur le petit-d\u00e9jeuner ou des curiosit\u00e9s \u00e0 d\u00e9couvrir dans les environs de Lillianes?<br \/>\nContactez-nous en remplissant le formulaire, nous vous r\u00e9pondrons dans les plus brefs d\u00e9lais!<\/div>\n<div>\n<div class=\"forminator-ui forminator-custom-form forminator-custom-form-1055 forminator-design--default  forminator_ajax\" data-forminator-render=\"0\" data-form=\"forminator-module-1055\" data-uid=\"69d5914797d19\"><br\/><\/div><form\n\t\t\t\tid=\"forminator-module-1055\"\n\t\t\t\tclass=\"forminator-ui forminator-custom-form forminator-custom-form-1055 forminator-design--default  forminator_ajax\"\n\t\t\t\tmethod=\"post\"\n\t\t\t\tdata-forminator-render=\"0\"\n\t\t\t\tdata-form-id=\"1055\"\n\t\t\t\t data-color-option=\"theme\" data-design=\"default\" data-grid=\"open\" style=\"display: none;\"\n\t\t\t\tdata-uid=\"69d5914797d19\"\n\t\t\t><div role=\"alert\" aria-live=\"polite\" class=\"forminator-response-message forminator-error\" aria-hidden=\"true\"><\/div><div class=\"forminator-row\"><div id=\"name-1\" class=\"forminator-field-name forminator-col forminator-col-6 \"><div class=\"forminator-field\"><label for=\"forminator-field-name-1_69d5914797d19\" id=\"forminator-field-name-1_69d5914797d19-label\" class=\"forminator-label\">Nom <span class=\"forminator-required\">*<\/span><\/label><input type=\"text\" name=\"name-1\" value=\"\" placeholder=\"Name\" id=\"forminator-field-name-1_69d5914797d19\" class=\"forminator-input forminator-name--field\" aria-required=\"true\" autocomplete=\"name\" \/><\/div><\/div><div id=\"name-2\" class=\"forminator-field-name forminator-col forminator-col-6 \"><div class=\"forminator-field\"><label for=\"forminator-field-name-2_69d5914797d19\" id=\"forminator-field-name-2_69d5914797d19-label\" class=\"forminator-label\">Pr\u00e9nom <span class=\"forminator-required\">*<\/span><\/label><input type=\"text\" name=\"name-2\" value=\"\" placeholder=\"Pr\u00e9nom\" id=\"forminator-field-name-2_69d5914797d19\" class=\"forminator-input forminator-name--field\" aria-required=\"true\" autocomplete=\"name\" \/><\/div><\/div><\/div><div class=\"forminator-row\"><div id=\"phone-1\" class=\"forminator-field-phone forminator-col forminator-col-6 \"><div class=\"forminator-field\"><label for=\"forminator-field-phone-1_69d5914797d19\" id=\"forminator-field-phone-1_69d5914797d19-label\" class=\"forminator-label\">Num\u00e9ro de t\u00e9l\u00e9phone <span class=\"forminator-required\">*<\/span><\/label><input type=\"text\" name=\"phone-1\" value=\"\" placeholder=\"Num\u00e9ro de t\u00e9l\u00e9phone\" id=\"forminator-field-phone-1_69d5914797d19\" class=\"forminator-input forminator-field--phone\" data-required=\"1\" aria-required=\"true\" autocomplete=\"off\" \/><\/div><\/div><div id=\"email-1\" class=\"forminator-field-email forminator-col forminator-col-6 \"><div class=\"forminator-field\"><label for=\"forminator-field-email-1_69d5914797d19\" id=\"forminator-field-email-1_69d5914797d19-label\" class=\"forminator-label\">Adresse e-mail <span class=\"forminator-required\">*<\/span><\/label><input type=\"email\" name=\"email-1\" value=\"\" placeholder=\"Adresse e-mail\" id=\"forminator-field-email-1_69d5914797d19\" class=\"forminator-input forminator-email--field\" data-required=\"1\" aria-required=\"true\" autocomplete=\"email\" \/><\/div><\/div><\/div><div class=\"forminator-row\"><div id=\"textarea-1\" class=\"forminator-field-textarea forminator-col forminator-col-12 \"><div class=\"forminator-field\"><label for=\"forminator-field-textarea-1_69d5914797d19\" id=\"forminator-field-textarea-1_69d5914797d19-label\" class=\"forminator-label\">\u00c9crivez votre demande<\/label><textarea name=\"textarea-1\" placeholder=\"\" id=\"forminator-field-textarea-1_69d5914797d19\" class=\"forminator-textarea\" rows=\"6\" style=\"min-height:140px;\" ><\/textarea><\/div><\/div><\/div><div class=\"forminator-row\"><div id=\"consent-1\" class=\"forminator-field-consent forminator-col forminator-col-12 \"><div class=\"forminator-field\"><label for=\"forminator-field-consent-1_69d5914797d19\" id=\"forminator-field-consent-1_69d5914797d19-label\" class=\"forminator-label\">Politique de confidentialit\u00e9 <span class=\"forminator-required\">*<\/span><\/label><div class=\"forminator-checkbox__wrapper\"><label id=\"forminator-field-consent-1_69d5914797d19__label\" class=\"forminator-checkbox forminator-consent\" aria-labelledby=\"forminator-field-consent-1_69d5914797d19-label\"><input type=\"checkbox\" name=\"consent-1\" id=\"forminator-field-consent-1_69d5914797d19\" value=\"checked\" aria-labelledby=\"forminator-field-consent-1_69d5914797d19-label\" aria-describedby=\"forminator-field-consent-1_69d5914797d19__description\" data-required=\"true\" aria-required=\"true\" \/><span class=\"forminator-checkbox-box\" aria-hidden=\"true\"><\/span><\/label><div id=\"forminator-field-consent-1_69d5914797d19__description\" class=\"forminator-checkbox__label forminator-consent__label\"><p>Oui, j'accepte la&nbsp;<a data-asw-org-font-size=\"14\" href=\"https:\/\/oucrierel.com\/fr\/privacy-policy\">politique de confidentialit\u00e9<\/a><\/p><\/div><\/div><\/div><\/div><\/div><input type=\"hidden\" name=\"referer_url\" value=\"\" \/><div class=\"forminator-row forminator-row-last\"><div class=\"forminator-col\"><div class=\"forminator-field\"><button class=\"forminator-button forminator-button-submit\">Envoyer une demande<\/button><\/div><\/div><\/div><input type=\"hidden\" id=\"forminator_nonce\" name=\"forminator_nonce\" value=\"05d9d144a4\" \/><input type=\"hidden\" name=\"_wp_http_referer\" value=\"\/fr\/wp-json\/wp\/v2\/pages\/769\" \/><input type=\"hidden\" name=\"form_id\" value=\"1055\"><input type=\"hidden\" name=\"page_id\" value=\"769\"><input type=\"hidden\" name=\"form_type\" value=\"default\"><input type=\"hidden\" name=\"current_url\" value=\"https:\/\/oucrierel.com\/fr\/contatti\"><input type=\"hidden\" name=\"render_id\" value=\"0\"><input type=\"hidden\" name=\"action\" value=\"forminator_submit_form_custom-forms\"><\/form><\/div>\n<h2>O\u00f9 nous trouver<\/h2>\n<div>\n<p>Localit\u00e0 Fey 2, 11020 Lillianes <br \/>(Vall\u00e9e d&rsquo;Aoste)<br \/>Ouvrir dans <a href=\"https:\/\/maps.app.goo.gl\/BTetVmVR51EKoCENA\">Google Maps<\/a><\/p>\n<\/div>\n<h2>Coordonn\u00e9es<\/h2>\n<div>\n<p>Tel: <a href=\"tel:3470607525\">3470607525<\/a><\/p>\n<p>Email: <a href=\"mailto:info@oucrierel.com\">info@oucrierel.com\u00a0<\/a><\/p>\n<\/div>\n<div>\n<p>45.63359371752416,7.843703067439896<\/p>\n<\/div>\n<p><!--more--><br \/>\n<!-- {\"type\":\"layout\",\"children\":[{\"name\":\"Image\",\"type\":\"section\",\"props\":{\"header_transparent\":false,\"header_transparent_text_color\":\"light\",\"height_viewport\":40,\"image\":\"wp-content\/uploads\/2025\/11\/33435.jpg\",\"image_loading\":true,\"image_position\":\"center-center\",\"image_size\":\"cover\",\"image_width\":\"2560\",\"padding_bottom\":\"large\",\"padding_top\":\"large\",\"preserve_color\":false,\"style\":\"default\",\"text_color\":\"light\",\"title_breakpoint\":\"xl\",\"title_position\":\"top-left\",\"title_rotation\":\"left\",\"vertical_align\":\"middle\",\"width\":\"default\"},\"children\":[{\"type\":\"row\",\"children\":[{\"type\":\"column\",\"props\":{\"image_position\":\"center-center\",\"position_sticky_breakpoint\":\"m\",\"width_medium\":\"1-1\"}}],\"props\":{\"height\":\"viewport\",\"height_viewport\":40}}]},{\"name\":\"Contact\",\"type\":\"section\",\"props\":{\"animation\":\"fade\",\"image_position\":\"center-center\",\"image_size\":\"cover\",\"padding_bottom\":\"small\",\"padding_top\":\"small\",\"style\":\"default\",\"title_breakpoint\":\"xl\",\"title_position\":\"top-left\",\"title_rotation\":\"left\",\"vertical_align\":\"\",\"width\":\"default\"},\"children\":[{\"type\":\"row\",\"children\":[{\"type\":\"column\",\"props\":{\"image_position\":\"center-center\",\"position_sticky_breakpoint\":\"m\",\"vertical_align\":\"middle\",\"width_medium\":\"1-2\"},\"children\":[{\"type\":\"headline\",\"props\":{\"content\":\"Vous avez besoin d'informations?\\n\",\"image_align\":\"left\",\"image_margin\":\"xsmall\",\"maxwidth\":\"2xlarge\",\"text_align\":\"left\",\"title_element\":\"h1\",\"title_style\":\"h2\"}},{\"type\":\"divider\",\"props\":{\"divider_element\":\"div\",\"divider_style\":\"small\"}},{\"type\":\"text\",\"props\":{\"column_breakpoint\":\"m\",\"content\":\"Vous avez des doutes sur les services de l'auberge, des questions sur le petit-d\u00e9jeuner ou des curiosit\u00e9s \u00e0 d\u00e9couvrir dans les environs de Lillianes?\\nContactez-nous en remplissant le formulaire, nous vous r\u00e9pondrons dans les plus brefs d\u00e9lais!\",\"margin_bottom\":\"medium\",\"margin_top\":\"medium\",\"maxwidth\":\"xlarge\",\"text_align\":\"left\"}}]},{\"type\":\"column\",\"props\":{\"image_position\":\"center-center\",\"position_sticky_breakpoint\":\"m\",\"style\":\"card-secondary\",\"vertical_align\":\"middle\",\"width_medium\":\"1-2\"},\"children\":[{\"type\":\"html\",\"props\":{\"content\":\"[forminator_form id=\\\"1055\\\"]\"}}]}],\"props\":{\"layout\":\"1-2,1-2\"}},{\"type\":\"row\",\"props\":{\"column_gap\":\"large\",\"layout\":\"1-2,1-2\",\"margin_bottom\":\"xlarge\",\"margin_top\":\"xlarge\",\"row_gap\":\"large\",\"width\":\"default\"},\"children\":[{\"type\":\"column\",\"props\":{\"image_position\":\"center-center\",\"position_sticky_breakpoint\":\"m\",\"width_medium\":\"1-2\"},\"children\":[{\"type\":\"headline\",\"props\":{\"content\":\"O\u00f9 nous trouver\",\"image_align\":\"left\",\"image_margin\":\"xsmall\",\"margin_bottom\":\"remove\",\"margin_top\":\"medium\",\"title_decoration\":\"divider\",\"title_element\":\"h2\",\"title_style\":\"h4\"}},{\"type\":\"text\",\"props\":{\"column_breakpoint\":\"m\",\"content\":\"\n\n<p>Localit\u00e0 Fey 2, 11020 Lillianes <br \/>(Vall\u00e9e d'Aoste)<br \/>Ouvrir dans <a href=\\\"https:\/\/maps.app.goo.gl\/BTetVmVR51EKoCENA\\\">Google Maps<\/a><\/p>\n\n\",\"margin_bottom\":\"default\",\"margin_top\":\"default\",\"text_align\":\"left\"}}]},{\"type\":\"column\",\"props\":{\"image_position\":\"center-center\",\"position_sticky_breakpoint\":\"m\",\"width_medium\":\"1-2\"},\"children\":[{\"type\":\"headline\",\"props\":{\"content\":\"Coordonn\u00e9es\",\"image_align\":\"left\",\"image_margin\":\"xsmall\",\"title_decoration\":\"divider\",\"title_element\":\"h2\",\"title_style\":\"h4\"}},{\"type\":\"text\",\"props\":{\"column_breakpoint\":\"m\",\"content\":\"\n\n<p>Tel: <a href=\\\"tel:3470607525\\\">3470607525<\/a><\/p>\n\n\\n\n\n<p>Email: <a href=\\\"mailto:info@oucrierel.com\\\">info@oucrierel.com\u00a0<\/a><\/p>\n\n\",\"margin_bottom\":\"remove\",\"margin_top\":\"remove\"}}]}]}]},{\"name\":\"Map\",\"type\":\"section\",\"props\":{\"image_position\":\"center-center\",\"padding_bottom\":\"none\",\"padding_top\":\"none\",\"style\":\"default\",\"title_breakpoint\":\"xl\",\"title_position\":\"top-left\",\"title_rotation\":\"left\",\"vertical_align\":\"\",\"width\":\"\"},\"children\":[{\"type\":\"row\",\"children\":[{\"type\":\"column\",\"props\":{\"image_position\":\"center-center\",\"position_sticky_breakpoint\":\"m\",\"width_medium\":\"1-1\"},\"children\":[{\"type\":\"map\",\"props\":{\"controls\":false,\"dragging\":false,\"height\":\"600\",\"image_svg_color\":\"emphasis\",\"link_style\":\"default\",\"link_text\":\"Read more\",\"margin_bottom\":\"default\",\"margin_top\":\"default\",\"max_zoom\":18,\"meta_align\":\"below-title\",\"meta_element\":\"div\",\"meta_style\":\"text-meta\",\"min_zoom\":0,\"poi\":false,\"show_content\":true,\"show_image\":true,\"show_link\":true,\"show_meta\":true,\"show_title\":true,\"styler_gamma\":\"0.3\",\"styler_lightness\":\"90\",\"styler_saturation\":\"-100\",\"title_element\":\"h3\",\"title_hover_style\":\"reset\",\"type\":\"roadmap\",\"zoom\":\"16\",\"zooming\":false},\"children\":[{\"type\":\"map_item\",\"props\":{\"location\":\"45.63359371752416,7.843703067439896\"}}]}]}]}]}],\"version\":\"5.0.7\",\"yooessentialsVersion\":\"3.0.0-beta.8\"} --><\/p>\n","protected":false},"excerpt":{"rendered":"<p>Vous avez besoin d&rsquo;informations? Vous avez des doutes sur les services de l&rsquo;auberge, des questions sur le petit-d\u00e9jeuner ou des curiosit\u00e9s \u00e0 d\u00e9couvrir dans les environs de Lillianes? Contactez-nous en remplissant le formulaire, nous vous r\u00e9pondrons dans les plus brefs d\u00e9lais! O\u00f9 nous trouver Localit\u00e0 Fey 2, 11020 Lillianes (Vall\u00e9e d&rsquo;Aoste)Ouvrir dans Google Maps Coordonn\u00e9es [&hellip;]<\/p>\n","protected":false},"author":1,"featured_media":0,"parent":0,"menu_order":0,"comment_status":"closed","ping_status":"closed","template":"","meta":{"_acf_changed":false,"_seopress_robots_primary_cat":"","_seopress_titles_title":"Contacts Auberge Ou Crierel Lillianes | Informations","_seopress_titles_desc":"Vous avez des questions sur les services de l'auberge Ou Crierel ou sur les environs de Lillianes ? Remplissez le formulaire de contact ou \u00e9crivez-nous pour obtenir des informations et de l'aide.","_seopress_robots_index":"","footnotes":""},"class_list":["post-769","page","type-page","status-publish","hentry"],"acf":[],"_links":{"self":[{"href":"https:\/\/oucrierel.com\/fr\/wp-json\/wp\/v2\/pages\/769","targetHints":{"allow":["GET"]}}],"collection":[{"href":"https:\/\/oucrierel.com\/fr\/wp-json\/wp\/v2\/pages"}],"about":[{"href":"https:\/\/oucrierel.com\/fr\/wp-json\/wp\/v2\/types\/page"}],"author":[{"embeddable":true,"href":"https:\/\/oucrierel.com\/fr\/wp-json\/wp\/v2\/users\/1"}],"replies":[{"embeddable":true,"href":"https:\/\/oucrierel.com\/fr\/wp-json\/wp\/v2\/comments?post=769"}],"version-history":[{"count":7,"href":"https:\/\/oucrierel.com\/fr\/wp-json\/wp\/v2\/pages\/769\/revisions"}],"predecessor-version":[{"id":1056,"href":"https:\/\/oucrierel.com\/fr\/wp-json\/wp\/v2\/pages\/769\/revisions\/1056"}],"wp:attachment":[{"href":"https:\/\/oucrierel.com\/fr\/wp-json\/wp\/v2\/media?parent=769"}],"curies":[{"name":"wp","href":"https:\/\/api.w.org\/{rel}","templated":true}]}}