{"id":766,"date":"2025-11-25T15:04:32","date_gmt":"2025-11-25T14:04:32","guid":{"rendered":"https:\/\/oucrierel.com\/chi-siamo"},"modified":"2025-12-11T15:43:43","modified_gmt":"2025-12-11T14:43:43","slug":"chi-siamo","status":"publish","type":"page","link":"https:\/\/oucrierel.com\/fr\/chi-siamo","title":{"rendered":"Qui sommes-nous?"},"content":{"rendered":"<h1>Qui sommes-nous?<\/h1>\n<h2>Une maison ouverte aux voyageurs<\/h2>\n<div>\n<p>Ou Crierel est une petite <strong>auberge familiale<\/strong>, n\u00e9e du d\u00e9sir de mettre en valeur Lillianes et la vall\u00e9e de la Lys \u00e0 travers une hospitalit\u00e9 <strong>simple<\/strong> et <strong>sinc\u00e8re<\/strong>. Ici, vous ne trouverez pas un grand h\u00f4tel impersonnel, mais une maison de <strong>montagne ouverte<\/strong> aux voyageurs : randonneurs, familles, groupes d&rsquo;amis, p\u00e8lerins sur le Chemin Balteo ou simples curieux en qu\u00eate de <strong>nature<\/strong> et de <strong>tranquillit\u00e9<\/strong>.<\/p>\n<p><strong>Nous vivons ce territoire<\/strong> au quotidien et sommes heureux de partager ses sentiers, ses coins cach\u00e9s, ses traditions et ses saveurs. Nous vous accueillons avec <strong>discr\u00e9tion<\/strong>, mais sommes toujours pr\u00e9sents pour vous conseiller sur une promenade, une randonn\u00e9e ou une excursion dans les environs. Notre objectif est de <strong>vous mettre \u00e0 l&rsquo;aise<\/strong>, avec tout le n\u00e9cessaire pour vous sentir bien, sans formalit\u00e9s et au rythme lent de la vie du village.<\/div>\n<p><img decoding=\"async\" src=\"\/wp-content\/uploads\/2025\/11\/33435.jpg\" alt=\"\"><\/p>\n<h2>Pourquoi \u00ab\u00a0Ou Crierel\u00a0\u00bb?<\/h2>\n<div>\n<p>En face de l&rsquo;entr\u00e9e de l&rsquo;auberge se trouve un petit monument historique que les habitants de Lillianes ont toujours appel\u00e9 \u00ab Ou Crierel \u00bb. C&rsquo;est ici que, du 31 mai 1614 \u2013 date de la fondation de la paroisse de Lillianes \u2013 jusqu&rsquo;\u00e0 la fin de la Seconde Guerre mondiale, \u00e9taient proclam\u00e9s les \u00ab cries \u00bb, c&rsquo;est-\u00e0-dire les annonces officielles destin\u00e9es \u00e0 la population, d&rsquo;abord seigneuriale puis communautaire. <\/p>\n<p>\u00c0 une \u00e9poque o\u00f9 la plupart des gens ne savaient pas lire et o\u00f9 les avis \u00e9taient r\u00e9dig\u00e9s en latin, ce lieu jouait un r\u00f4le fondamental : \u00e0 la sortie de la messe chant\u00e9e et avant la distribution du pain b\u00e9ni, le \u00ab crieur \u00bb lisait \u00e0 haute voix et en patois \u2013 la langue du peuple \u2013 des communiqu\u00e9s importants, des avis sur les imp\u00f4ts (\u00ab tailles \u00bb) et des citations \u00e0 compara\u00eetre devant les tribunaux civils.<\/p>\n<p>L&rsquo;\u00e9dicule \u00ab Ou Crierel \u00bb se trouve encore aujourd&rsquo;hui \u00e0 l&rsquo;endroit o\u00f9 il a \u00e9t\u00e9 construit il y a plusieurs si\u00e8cles, sur le parvis de l&rsquo;\u00e9glise paroissiale, o\u00f9 les gens se rassemblaient chaque dimanche. C&rsquo;\u00e9tait, \u00e0 tous \u00e9gards, un lieu de rencontre. Le choix de ce nom pour le b\u00e2timent du XVIIe si\u00e8cle qui abrite aujourd&rsquo;hui l&rsquo;auberge est un v\u0153u : que Ou Crierel continue d&rsquo;\u00eatre un lieu de rencontre, d&rsquo;\u00e9change et de rassemblement pour les voyageurs, les touristes et les vacanciers de toutes origines. <\/p>\n<\/div>\n<p><img decoding=\"async\" src=\"\/wp-content\/uploads\/2025\/11\/39088.jpg\" alt=\"\"><\/p>\n<h2>Le personnel<\/h2>\n<div>\n<p>La propri\u00e9taire Roberta et son p\u00e8re Denis sont \u00e0 votre disposition pour toute information, demande ou besoin. Notre objectif est de rendre vos vacances dans la Vall\u00e9e d&rsquo;Aoste inoubliables, en cr\u00e9ant avec vous l&rsquo;itin\u00e9raire de vos vacances, en l&rsquo;\u00e9tudiant et en le personnalisant selon vos pr\u00e9f\u00e9rences. <\/p>\n<p>Notre seul but est de satisfaire vos d\u00e9sirs et, si possible, de les deviner. <\/p>\n<p>Sur r\u00e9servation, lorsque cela est possible, nous vous r\u00e9galerons avec nos plats toujours frais : de la cuisine italienne \u00e0 la cuisine typique du Val d&rsquo;Aoste, des g\u00e2teaux aux p\u00e2tisseries. Notre priorit\u00e9 est d&rsquo;utiliser des produits locaux typiques et authentiques, du petit-d\u00e9jeuner au d\u00eener, pour une immersion totale dans la culture gastronomique du Val d&rsquo;Aoste et au-del\u00e0.<\/p><\/div>\n<p><img decoding=\"async\" src=\"\/wp-content\/uploads\/2025\/11\/150289971.jpg\" alt=\"\"><\/p>\n<p><!--more--><br \/>\n<!-- {\"type\":\"layout\",\"children\":[{\"type\":\"section\",\"props\":{\"css\":\"@media (min-width: 960px) {\\n    .el-section > div  {\\n        padding-top: 350px;\\n        padding-bottom: 350px;\\n    }\\n}\",\"header_transparent\":false,\"header_transparent_text_color\":\"light\",\"image\":\"wp-content\\\/uploads\\\/2025\\\/11\\\/59713660_10156091415880776_7634516776247623680_n.jpg\",\"image_loading\":true,\"image_position\":\"center-center\",\"image_size\":\"cover\",\"image_width\":\"1840\",\"padding\":\"xlarge\",\"style\":\"default\",\"title_breakpoint\":\"xl\",\"title_position\":\"top-left\",\"title_rotation\":\"left\",\"vertical_align\":\"\",\"width\":\"default\"},\"children\":[{\"type\":\"row\",\"children\":[{\"type\":\"column\",\"props\":{\"image_position\":\"center-center\",\"position_sticky_breakpoint\":\"m\",\"width_medium\":\"1-1\"}}]}],\"name\":\"Hero\"},{\"type\":\"section\",\"props\":{\"image_position\":\"center-center\",\"padding\":\"small\",\"style\":\"default\",\"title_breakpoint\":\"xl\",\"title_position\":\"top-left\",\"title_rotation\":\"left\",\"vertical_align\":\"\",\"width\":\"xlarge\"},\"children\":[{\"type\":\"row\",\"props\":{\"column_gap\":\"small\",\"divider\":false,\"layout\":\"2-3,1-3\",\"row_gap\":\"medium\"},\"children\":[{\"type\":\"column\",\"props\":{\"image_position\":\"center-center\",\"position_sticky_breakpoint\":\"m\",\"vertical_align\":\"middle\",\"width_medium\":\"2-3\"},\"children\":[{\"type\":\"headline\",\"props\":{\"content\":\"Qui sommes-nous?\",\"margin\":\"small\",\"text_align\":\"left\",\"text_align_breakpoint\":\"m\",\"text_align_fallback\":\"center\",\"title_element\":\"h1\",\"title_style\":\"h6\"}},{\"type\":\"headline\",\"props\":{\"block_align_breakpoint\":\"m\",\"block_align_fallback\":\"center\",\"content\":\"Une maison ouverte aux voyageurs\",\"margin\":\"medium\",\"margin_remove_top\":true,\"maxwidth\":\"xlarge\",\"text_align\":\"left\",\"text_align_breakpoint\":\"m\",\"text_align_fallback\":\"center\",\"title_element\":\"h2\"}},{\"type\":\"text\",\"props\":{\"block_align_breakpoint\":\"m\",\"block_align_fallback\":\"center\",\"column_breakpoint\":\"m\",\"content\":\"\n\n<p>Ou Crierel est une petite <strong>auberge familiale<\\\/strong>, n\\u00e9e du d\\u00e9sir de mettre en valeur Lillianes et la vall\\u00e9e de la Lys \\u00e0 travers une hospitalit\\u00e9 <strong>simple<\\\/strong> et <strong>sinc\\u00e8re<\\\/strong>. Ici, vous ne trouverez pas un grand h\\u00f4tel impersonnel, mais une maison de <strong>montagne ouverte<\\\/strong> aux voyageurs : randonneurs, familles, groupes d'amis, p\\u00e8lerins sur le Chemin Balteo ou simples curieux en qu\\u00eate de <strong>nature<\\\/strong> et de <strong>tranquillit\\u00e9<\\\/strong>.<\\\/p>\\n\n\n<p><strong>Nous vivons ce territoire<\\\/strong> au quotidien et sommes heureux de partager ses sentiers, ses coins cach\\u00e9s, ses traditions et ses saveurs. Nous vous accueillons avec <strong>discr\\u00e9tion<\\\/strong>, mais sommes toujours pr\\u00e9sents pour vous conseiller sur une promenade, une randonn\\u00e9e ou une excursion dans les environs. Notre objectif est de <strong>vous mettre \\u00e0 l'aise<\\\/strong>, avec tout le n\\u00e9cessaire pour vous sentir bien, sans formalit\\u00e9s et au rythme lent de la vie du village.\",\"margin\":\"xlarge\",\"margin_remove_top\":true,\"maxwidth\":\"2xlarge\",\"maxwidth_breakpoint\":\"m\",\"text_align\":\"left\"}},{\"type\":\"image\",\"props\":{\"image\":\"wp-content\\\/uploads\\\/2025\\\/11\\\/33435.jpg\",\"image_svg_color\":\"emphasis\",\"image_width\":\"760\",\"margin\":\"default\"}},{\"type\":\"headline\",\"props\":{\"content\":\"Pourquoi \\\"Ou Crierel\\\"?\",\"margin_remove_bottom\":false,\"text_align\":\"left\",\"text_align_breakpoint\":\"m\",\"text_align_fallback\":\"center\",\"title_element\":\"h2\",\"title_style\":\"h4\"}},{\"type\":\"text\",\"props\":{\"column_breakpoint\":\"m\",\"content\":\"\n\n<p>En face de l'entr\\u00e9e de l'auberge se trouve un petit monument historique que les habitants de Lillianes ont toujours appel\\u00e9 \\u00ab Ou Crierel \\u00bb. C'est ici que, du 31 mai 1614 \\u2013 date de la fondation de la paroisse de Lillianes \\u2013 jusqu'\\u00e0 la fin de la Seconde Guerre mondiale, \\u00e9taient proclam\\u00e9s les \\u00ab cries \\u00bb, c'est-\\u00e0-dire les annonces officielles destin\\u00e9es \\u00e0 la population, d'abord seigneuriale puis communautaire. <\\\/p>\\n\\u00c0 une \\u00e9poque o\\u00f9 la plupart des gens ne savaient pas lire et o\\u00f9 les avis \\u00e9taient r\\u00e9dig\\u00e9s en latin, ce lieu jouait un r\\u00f4le fondamental : \\u00e0 la sortie de la messe chant\\u00e9e et avant la distribution du pain b\\u00e9ni, le \\u00ab crieur \\u00bb lisait \\u00e0 haute voix et en patois \\u2013 la langue du peuple \\u2013 des communiqu\\u00e9s importants, des avis sur les imp\\u00f4ts (\\u00ab tailles \\u00bb) et des citations \\u00e0 compara\\u00eetre devant les tribunaux civils.\\n\n\n<p>L'\\u00e9dicule \\u00ab Ou Crierel \\u00bb se trouve encore aujourd'hui \\u00e0 l'endroit o\\u00f9 il a \\u00e9t\\u00e9 construit il y a plusieurs si\\u00e8cles, sur le parvis de l'\\u00e9glise paroissiale, o\\u00f9 les gens se rassemblaient chaque dimanche. C'\\u00e9tait, \\u00e0 tous \\u00e9gards, un lieu de rencontre. Le choix de ce nom pour le b\\u00e2timent du XVIIe si\\u00e8cle qui abrite aujourd'hui l'auberge est un v\\u0153u : que Ou Crierel continue d'\\u00eatre un lieu de rencontre, d'\\u00e9change et de rassemblement pour les voyageurs, les touristes et les vacanciers de toutes origines. <\\\/p>\",\"margin\":\"default\"}}]},{\"type\":\"column\",\"props\":{\"image_position\":\"center-center\",\"position_sticky_breakpoint\":\"m\",\"vertical_align\":\"middle\",\"width_medium\":\"1-3\"},\"children\":[{\"type\":\"image\",\"props\":{\"image\":\"wp-content\\\/uploads\\\/2025\\\/11\\\/39088.jpg\",\"image_focal_point\":\"center-right\",\"image_height\":750,\"image_loading\":true,\"image_svg_color\":\"emphasis\",\"image_width\":\"610\",\"margin\":\"small\",\"margin_remove_top\":false}},{\"type\":\"headline\",\"props\":{\"content\":\"Le personnel\",\"margin_remove_bottom\":false,\"text_align\":\"left\",\"text_align_breakpoint\":\"m\",\"text_align_fallback\":\"center\",\"title_element\":\"h2\",\"title_style\":\"h4\"}},{\"type\":\"text\",\"props\":{\"column_breakpoint\":\"m\",\"content\":\"\n\n<p>La propri\\u00e9taire Roberta et son p\\u00e8re Denis sont \\u00e0 votre disposition pour toute information, demande ou besoin. Notre objectif est de rendre vos vacances dans la Vall\\u00e9e d'Aoste inoubliables, en cr\\u00e9ant avec vous l'itin\\u00e9raire de vos vacances, en l'\\u00e9tudiant et en le personnalisant selon vos pr\\u00e9f\\u00e9rences. <\\\/p>\\n\n\n<p>Notre seul but est de satisfaire vos d\\u00e9sirs et, si possible, de les deviner. <\\\/p>\\n\n\n<p>Sur r\\u00e9servation, lorsque cela est possible, nous vous r\\u00e9galerons avec nos plats toujours frais : de la cuisine italienne \\u00e0 la cuisine typique du Val d'Aoste, des g\\u00e2teaux aux p\\u00e2tisseries. Notre priorit\\u00e9 est d'utiliser des produits locaux typiques et authentiques, du petit-d\\u00e9jeuner au d\\u00eener, pour une immersion totale dans la culture gastronomique du Val d'Aoste et au-del\\u00e0.\",\"margin\":\"default\"}},{\"type\":\"image\",\"props\":{\"image\":\"wp-content\\\/uploads\\\/2025\\\/11\\\/150289971.jpg\",\"image_height\":750,\"image_svg_color\":\"emphasis\",\"image_width\":500,\"margin\":\"default\"}}]}]}],\"name\":\"About\"}],\"version\":\"4.5.32\",\"yooessentialsVersion\":\"2.4.12\"} --><\/p>\n","protected":false},"excerpt":{"rendered":"<p>Qui sommes-nous? Une maison ouverte aux voyageurs Ou Crierel est une petite auberge familiale, n\u00e9e du d\u00e9sir de mettre en valeur Lillianes et la vall\u00e9e de la Lys \u00e0 travers une hospitalit\u00e9 simple et sinc\u00e8re. Ici, vous ne trouverez pas un grand h\u00f4tel impersonnel, mais une maison de montagne ouverte aux voyageurs : randonneurs, familles, [&hellip;]<\/p>\n","protected":false},"author":1,"featured_media":0,"parent":0,"menu_order":0,"comment_status":"closed","ping_status":"closed","template":"","meta":{"_acf_changed":false,"_seopress_robots_primary_cat":"","_seopress_titles_title":"Qui sommes-nous Auberge Ou Crierel Lillianes | Vall\u00e9e de la Lys","_seopress_titles_desc":"D\u00e9couvrez l'histoire de l'auberge Ou Crierel \u00e0 Lillianes : une auberge familiale, une hospitalit\u00e9 simple et sinc\u00e8re, un lien profond avec la vall\u00e9e de la Lys.","_seopress_robots_index":"","footnotes":""},"class_list":["post-766","page","type-page","status-publish","hentry"],"acf":[],"_links":{"self":[{"href":"https:\/\/oucrierel.com\/fr\/wp-json\/wp\/v2\/pages\/766","targetHints":{"allow":["GET"]}}],"collection":[{"href":"https:\/\/oucrierel.com\/fr\/wp-json\/wp\/v2\/pages"}],"about":[{"href":"https:\/\/oucrierel.com\/fr\/wp-json\/wp\/v2\/types\/page"}],"author":[{"embeddable":true,"href":"https:\/\/oucrierel.com\/fr\/wp-json\/wp\/v2\/users\/1"}],"replies":[{"embeddable":true,"href":"https:\/\/oucrierel.com\/fr\/wp-json\/wp\/v2\/comments?post=766"}],"version-history":[{"count":3,"href":"https:\/\/oucrierel.com\/fr\/wp-json\/wp\/v2\/pages\/766\/revisions"}],"predecessor-version":[{"id":806,"href":"https:\/\/oucrierel.com\/fr\/wp-json\/wp\/v2\/pages\/766\/revisions\/806"}],"wp:attachment":[{"href":"https:\/\/oucrierel.com\/fr\/wp-json\/wp\/v2\/media?parent=766"}],"curies":[{"name":"wp","href":"https:\/\/api.w.org\/{rel}","templated":true}]}}